{"id":1106,"date":"2023-05-24T19:29:08","date_gmt":"2023-05-24T19:29:08","guid":{"rendered":"https:\/\/reich-der-bilder.de\/?page_id=1106"},"modified":"2023-05-24T19:57:47","modified_gmt":"2023-05-24T19:57:47","slug":"infoscreens-und-kiosksysteme","status":"publish","type":"page","link":"https:\/\/reich-der-bilder.de\/?page_id=1106","title":{"rendered":"Infoscreens und Kiosksysteme"},"content":{"rendered":"<p>Unsere Infoscreens und Kiosksysteme bieten Ihnen vielf\u00e4ltig M\u00f6glichkeiten, Ihre Botschaften dynamisch und effektiv zu kommunizieren &#8211; sei es zur Bewerbung Ihrer Produkte und Dienstleistungen, zur Bereitstellung von Informationen oder zur Unterhaltung von Besuchern und Kunden. Unser Format ist perfekt f\u00fcr den Einsatz in \u00f6ffentlichen R\u00e4umen wie Eingangsbereichen, Messest\u00e4nden, Verkaufsr\u00e4umen, Wartezimmern und Museen.<\/p>\n<p>M\u00f6chten Sie Texte, Bildergalerien, Flipbooks, Audios, Videos oder 3D-Objekte in Ihre Pr\u00e4sentationen integrieren, wir bieten Ihnen die Flexibilit\u00e4t und Funktionalit\u00e4t, um Ihre Botschaften auf innovative und interaktive Weise beispielsweise als interaktive Wegweiser, digitale Men\u00fctafeln oder Informationspunkte zu vermitteln.<\/p>\n<p>\u00a0<\/p>\n<p>\u00a0<\/p>\n<h5>Unsere Erfahrung \u2013 Ihr Vorteil:<\/h5>\n<p>\u00a0<\/p>\n<h5>Modern:<\/h5>\n<p>Unsere Systeme sind mit den neuesten Technologien ausgestattet, um Ihnen eine erstklassige Pr\u00e4sentation und Interaktion zu erm\u00f6glichen.<\/p>\n<p>\u00a0<\/p>\n<h5>Flexibel:<\/h5>\n<p>Unsere L\u00f6sungen bieten Ihnen die problemlose Integration einer gro\u00dfen Auswahl an multimedialen Inhalten, wie Texte und Bilder bis hin zu komplexen Angeboten wie Videos, Audios und 3D-Objekten.<\/p>\n<p>\u00a0<\/p>\n<h5>Ma\u00dfgeschneidert:<\/h5>\n<p>Unsere individuellen L\u00f6sungen sind auf Ihre spezifischen Anforderungen und Bed\u00fcrfnisse zugeschnitten. Ganz gleich, ob Sie ein kleines Unternehmen oder eine gro\u00dfe Organisation sind, wir finden die passende L\u00f6sung f\u00fcr Sie.<\/p>\n<p>\u00a0<\/p>\n<h5>Professionell:<\/h5>\n<p>Unser engagiertes Team steht Ihnen bei Fragen und Anliegen zur Verf\u00fcgung und bietet Ihnen professionellen Support, um sicherzustellen, dass Ihre Infoscreens und Kiosksysteme reibungslos funktionieren.<\/p>\n<p>\u00a0<\/p>\n<p>\u00a0<\/p>\n\n\n<p><\/p>\n\n\n\n<p><\/p>\n","protected":false},"excerpt":{"rendered":"<p>Unsere Infoscreens und Kiosksysteme bieten Ihnen vielf\u00e4ltig M\u00f6glichkeiten, Ihre Botschaften dynamisch und effektiv zu kommunizieren &#8211; sei es zur Bewerbung Ihrer Produkte und Dienstleistungen, zur Bereitstellung von Informationen oder zur Unterhaltung von Besuchern und Kunden. Unser Format ist perfekt f\u00fcr &hellip; <a href=\"https:\/\/reich-der-bilder.de\/?page_id=1106\">Weiterlesen<\/a><\/p>\n","protected":false},"author":1,"featured_media":0,"parent":0,"menu_order":0,"comment_status":"closed","ping_status":"closed","template":"page-fullwidth.php","meta":[],"_links":{"self":[{"href":"https:\/\/reich-der-bilder.de\/index.php?rest_route=\/wp\/v2\/pages\/1106"}],"collection":[{"href":"https:\/\/reich-der-bilder.de\/index.php?rest_route=\/wp\/v2\/pages"}],"about":[{"href":"https:\/\/reich-der-bilder.de\/index.php?rest_route=\/wp\/v2\/types\/page"}],"author":[{"embeddable":true,"href":"https:\/\/reich-der-bilder.de\/index.php?rest_route=\/wp\/v2\/users\/1"}],"replies":[{"embeddable":true,"href":"https:\/\/reich-der-bilder.de\/index.php?rest_route=%2Fwp%2Fv2%2Fcomments&post=1106"}],"version-history":[{"count":24,"href":"https:\/\/reich-der-bilder.de\/index.php?rest_route=\/wp\/v2\/pages\/1106\/revisions"}],"predecessor-version":[{"id":1135,"href":"https:\/\/reich-der-bilder.de\/index.php?rest_route=\/wp\/v2\/pages\/1106\/revisions\/1135"}],"wp:attachment":[{"href":"https:\/\/reich-der-bilder.de\/index.php?rest_route=%2Fwp%2Fv2%2Fmedia&parent=1106"}],"curies":[{"name":"wp","href":"https:\/\/api.w.org\/{rel}","templated":true}]}}