{"id":164,"date":"2015-02-22T17:41:26","date_gmt":"2015-02-22T17:41:26","guid":{"rendered":"http:\/\/gerd-haegele.de\/?page_id=164"},"modified":"2021-02-01T13:16:34","modified_gmt":"2021-02-01T13:16:34","slug":"multimedia","status":"publish","type":"page","link":"https:\/\/reich-der-bilder.de\/?page_id=164","title":{"rendered":"Multimedia"},"content":{"rendered":"<div id=\"pl-164\"  class=\"panel-layout\" ><div id=\"pg-164-0\"  class=\"panel-grid panel-no-style\" ><div id=\"pgc-164-0-0\"  class=\"panel-grid-cell\" >     <div id=\"panel-164-0-0-0\" class=\"so-panel widget widget_virtue_about_with_image virtue_about_with_image panel-first-child panel-last-child\" data-index=\"0\" >    <div class=\"kad_img_upload_widget\">\n        <a href=\"https:\/\/reich-der-bilder.de\/wp-content\/uploads\/2021\/02\/1.jpg\" rel=\"lightbox\">        <img src=\"https:\/\/reich-der-bilder.de\/wp-content\/uploads\/2021\/02\/1.jpg\" alt=\"\" \/>\n        <\/a>            <\/div>\n\n    <\/div>    <\/div><div id=\"pgc-164-0-1\"  class=\"panel-grid-cell\" ><div id=\"panel-164-0-1-0\" class=\"so-panel widget widget_black-studio-tinymce widget_black_studio_tinymce panel-first-child panel-last-child\" data-index=\"1\" ><div class=\"textwidget\"><p>Die DVD-ROM bildet den Lebensraum Korallenriff mit tausenden Verkn\u00fcpfungen interaktiv ab und ist ideal geeignet f\u00fcr Taucher, Schnorchler und Naturinteressierte.<\/p>\n<ul>\n<li>\u00fcber 1000 Artbeschreibungen<\/li>\n<li>Hauptkapitel zu Riff\u00f6kologie, Lebensr\u00e4umen, Riffbewohnern, Anpassungen etc.<\/li>\n<li>\u00fcber 1800 Fotografien<\/li>\n<li>70 Minuten Videomaterial<\/li>\n<li>Bildschirmschoner aus 87 per Zufallsgenerator aufgerufener Videos<\/li>\n<li>Suchfunktion, Arten-Index, Glossar<\/li>\n<li>Erscheinungsjahr 2006, Systemvoraussetzungen: Win98 \/ ME \/ 2000 \/ XP<\/li>\n<\/ul>\n<p><strong>Bestellung bei Amazon:<\/strong><\/p>\n<p><a href=\"https:\/\/www.amazon.de\/Korallenriffe-Gerd-Haegele\/dp\/3440108767\/ref=sr_1_2?__mk_de_DE=%C3%85M%C3%85%C5%BD%C3%95%C3%91&amp;dchild=1&amp;keywords=korallenriffe+dvd&amp;qid=1612184774&amp;sr=8-2\" target=\"_blank\" rel=\"noopener\">ISBN-13: 978-3-440-10876-5<\/a><\/p>\n<\/div><\/div><\/div><\/div><div id=\"pg-164-1\"  class=\"panel-grid panel-no-style\" ><div id=\"pgc-164-1-0\"  class=\"panel-grid-cell\" >     <div id=\"panel-164-1-0-0\" class=\"so-panel widget widget_virtue_about_with_image virtue_about_with_image panel-first-child panel-last-child\" data-index=\"2\" >    <div class=\"kad_img_upload_widget\">\n        <a href=\"https:\/\/reich-der-bilder.de\/wp-content\/uploads\/2021\/02\/1.jpg\" rel=\"lightbox\">        <img src=\"https:\/\/reich-der-bilder.de\/wp-content\/uploads\/2021\/02\/1.jpg\" alt=\"\" \/>\n        <\/a>            <\/div>\n\n    <\/div>    <\/div><div id=\"pgc-164-1-1\"  class=\"panel-grid-cell\" >     <div id=\"panel-164-1-1-0\" class=\"so-panel widget widget_virtue_about_with_image virtue_about_with_image panel-first-child panel-last-child\" data-index=\"3\" >    <div class=\"kad_img_upload_widget\">\n        <a href=\"https:\/\/reich-der-bilder.de\/wp-content\/uploads\/2021\/02\/2.jpg\" rel=\"lightbox\">        <img src=\"https:\/\/reich-der-bilder.de\/wp-content\/uploads\/2021\/02\/2.jpg\" alt=\"\" \/>\n        <\/a>            <\/div>\n\n    <\/div>    <\/div><div id=\"pgc-164-1-2\"  class=\"panel-grid-cell\" >     <div id=\"panel-164-1-2-0\" class=\"so-panel widget widget_virtue_about_with_image virtue_about_with_image panel-first-child panel-last-child\" data-index=\"4\" >    <div class=\"kad_img_upload_widget\">\n        <a href=\"https:\/\/reich-der-bilder.de\/wp-content\/uploads\/2021\/02\/3.jpg\" rel=\"lightbox\">        <img src=\"https:\/\/reich-der-bilder.de\/wp-content\/uploads\/2021\/02\/3.jpg\" alt=\"\" \/>\n        <\/a>            <\/div>\n\n    <\/div>    <\/div><div id=\"pgc-164-1-3\"  class=\"panel-grid-cell\" >     <div id=\"panel-164-1-3-0\" class=\"so-panel widget widget_virtue_about_with_image virtue_about_with_image panel-first-child panel-last-child\" data-index=\"5\" >    <div class=\"kad_img_upload_widget\">\n        <a href=\"https:\/\/reich-der-bilder.de\/wp-content\/uploads\/2021\/02\/4.jpg\" rel=\"lightbox\">        <img src=\"https:\/\/reich-der-bilder.de\/wp-content\/uploads\/2021\/02\/4.jpg\" alt=\"\" \/>\n        <\/a>            <\/div>\n\n    <\/div>    <\/div><\/div><\/div>","protected":false},"excerpt":{"rendered":"<p>Die DVD-ROM bildet den Lebensraum Korallenriff mit tausenden Verkn\u00fcpfungen interaktiv ab und ist ideal geeignet f\u00fcr Taucher, Schnorchler und Naturinteressierte. \u00fcber 1000 Artbeschreibungen Hauptkapitel zu Riff\u00f6kologie, Lebensr\u00e4umen, Riffbewohnern, Anpassungen etc. \u00fcber 1800 Fotografien 70 Minuten Videomaterial Bildschirmschoner aus 87 per &hellip; <a href=\"https:\/\/reich-der-bilder.de\/?page_id=164\">Weiterlesen<\/a><\/p>\n","protected":false},"author":1,"featured_media":0,"parent":0,"menu_order":0,"comment_status":"open","ping_status":"closed","template":"page-portfolio.php","meta":[],"_links":{"self":[{"href":"https:\/\/reich-der-bilder.de\/index.php?rest_route=\/wp\/v2\/pages\/164"}],"collection":[{"href":"https:\/\/reich-der-bilder.de\/index.php?rest_route=\/wp\/v2\/pages"}],"about":[{"href":"https:\/\/reich-der-bilder.de\/index.php?rest_route=\/wp\/v2\/types\/page"}],"author":[{"embeddable":true,"href":"https:\/\/reich-der-bilder.de\/index.php?rest_route=\/wp\/v2\/users\/1"}],"replies":[{"embeddable":true,"href":"https:\/\/reich-der-bilder.de\/index.php?rest_route=%2Fwp%2Fv2%2Fcomments&post=164"}],"version-history":[{"count":8,"href":"https:\/\/reich-der-bilder.de\/index.php?rest_route=\/wp\/v2\/pages\/164\/revisions"}],"predecessor-version":[{"id":898,"href":"https:\/\/reich-der-bilder.de\/index.php?rest_route=\/wp\/v2\/pages\/164\/revisions\/898"}],"wp:attachment":[{"href":"https:\/\/reich-der-bilder.de\/index.php?rest_route=%2Fwp%2Fv2%2Fmedia&parent=164"}],"curies":[{"name":"wp","href":"https:\/\/api.w.org\/{rel}","templated":true}]}}