{"id":206,"date":"2015-02-23T06:47:02","date_gmt":"2015-02-23T06:47:02","guid":{"rendered":"http:\/\/gerd-haegele.de\/?page_id=206"},"modified":"2022-06-24T10:12:31","modified_gmt":"2022-06-24T10:12:31","slug":"impressum-2","status":"publish","type":"page","link":"https:\/\/reich-der-bilder.de\/?page_id=206","title":{"rendered":"Impressum"},"content":{"rendered":"<div id=\"pl-206\" class=\"panel-layout\">\n<div id=\"pg-206-0\" class=\"panel-grid panel-no-style\">\n<div id=\"pgc-206-0-0\" class=\"panel-grid-cell\" data-weight=\"1\">\n<div id=\"panel-206-0-0-0\" class=\"so-panel widget widget_sow-editor panel-first-child panel-last-child\" data-index=\"0\" data-style=\"{&quot;background_image_attachment&quot;:false,&quot;background_display&quot;:&quot;tile&quot;}\">\n<div class=\"so-widget-sow-editor so-widget-sow-editor-base\">\n<div class=\"siteorigin-widget-tinymce textwidget\">\n<p align=\"left\"><span style=\"color: #333333;\"><br \/>\n<\/span><strong><span style=\"color: #333333;\"> Dipl. Biologe Gerd Haegele<\/span><\/strong><\/p>\n<p align=\"left\"><span style=\"color: #333333;\">Heideggerhof 4<br \/>\n79771 Klettgau<\/span><span style=\"color: #333333;\"><br \/>\nMobil: 0173-4009957<br \/>\n<\/span>E-mail: <span style=\"color: #333333;\"><a href=\"mailto:info@gerd-haegele.de\">info@gerd-haegele.de<\/a><br \/>\nInternet: <a href=\"https:\/\/reich-der-bilder.de\">www.Reich-der-Bilder.de<\/a><\/span><\/p>\n<p>&nbsp;<\/p>\n<table style=\"height: 75px;\" border=\"0\" width=\"926\" cellpadding=\"0\">\n<tbody>\n<tr>\n<td width=\"200\"><span style=\"color: #333333;\"><strong>Haftungshinweis:<\/strong><br \/>\nTrotz sorgf\u00e4ltiger inhaltlicher Kontrolle \u00fcbernehme ich keine Haftung f\u00fcr die Inhalte externer Links. <\/span><span style=\"color: #333333;\">F\u00fcr den Inhalt der verlinkten Seiten sind ausschlie\u00dflich deren Betreiber verantwortlich.<br \/>\n<\/span><\/td>\n<\/tr>\n<\/tbody>\n<\/table>\n<\/div>\n<\/div>\n<\/div>\n<\/div>\n<\/div>\n<\/div>\n","protected":false},"excerpt":{"rendered":"<p>Dipl. Biologe Gerd Haegele Heideggerhof 4 79771 Klettgau Mobil: 0173-4009957 E-mail: info@gerd-haegele.de Internet: www.Reich-der-Bilder.de &nbsp; Haftungshinweis: Trotz sorgf\u00e4ltiger inhaltlicher Kontrolle \u00fcbernehme ich keine Haftung f\u00fcr die Inhalte externer Links. F\u00fcr den Inhalt der verlinkten Seiten sind ausschlie\u00dflich deren Betreiber verantwortlich.<\/p>\n","protected":false},"author":1,"featured_media":0,"parent":0,"menu_order":0,"comment_status":"closed","ping_status":"closed","template":"page-portfolio.php","meta":[],"_links":{"self":[{"href":"https:\/\/reich-der-bilder.de\/index.php?rest_route=\/wp\/v2\/pages\/206"}],"collection":[{"href":"https:\/\/reich-der-bilder.de\/index.php?rest_route=\/wp\/v2\/pages"}],"about":[{"href":"https:\/\/reich-der-bilder.de\/index.php?rest_route=\/wp\/v2\/types\/page"}],"author":[{"embeddable":true,"href":"https:\/\/reich-der-bilder.de\/index.php?rest_route=\/wp\/v2\/users\/1"}],"replies":[{"embeddable":true,"href":"https:\/\/reich-der-bilder.de\/index.php?rest_route=%2Fwp%2Fv2%2Fcomments&post=206"}],"version-history":[{"count":2,"href":"https:\/\/reich-der-bilder.de\/index.php?rest_route=\/wp\/v2\/pages\/206\/revisions"}],"predecessor-version":[{"id":1042,"href":"https:\/\/reich-der-bilder.de\/index.php?rest_route=\/wp\/v2\/pages\/206\/revisions\/1042"}],"wp:attachment":[{"href":"https:\/\/reich-der-bilder.de\/index.php?rest_route=%2Fwp%2Fv2%2Fmedia&parent=206"}],"curies":[{"name":"wp","href":"https:\/\/api.w.org\/{rel}","templated":true}]}}