{"id":46,"date":"2015-07-09T14:00:33","date_gmt":"2015-07-09T14:00:33","guid":{"rendered":"https:\/\/reich-der-bilder.de\/?page_id=46"},"modified":"2021-02-01T14:20:23","modified_gmt":"2021-02-01T14:20:23","slug":"gerd-haegele","status":"publish","type":"page","link":"https:\/\/reich-der-bilder.de\/?page_id=46","title":{"rendered":"Dipl. Biologe Gerd Haegele"},"content":{"rendered":"<div id=\"pl-46\"  class=\"panel-layout\" ><div id=\"pg-46-0\"  class=\"panel-grid panel-has-style\" ><div style=\"border-top-color: #ffffff; border-bottom-color: #ffffff; \" class=\"panel-row-style panel-row-style-for-46-0\" ><div id=\"pgc-46-0-0\"  class=\"panel-grid-cell\" ><div id=\"panel-46-0-0-0\" class=\"so-panel widget widget_sow-slider panel-first-child panel-last-child\" data-index=\"0\" ><div class=\"panel-widget-style panel-widget-style-for-46-0-0-0\" ><div class=\"so-widget-sow-slider so-widget-sow-slider-default-e0c8f2cad08f\"><div class=\"sow-slider-base \" style=\"display: none\"><ul class=\"sow-slider-images\" data-settings=\"{&quot;pagination&quot;:true,&quot;speed&quot;:800,&quot;timeout&quot;:5000,&quot;paused&quot;:false,&quot;pause_on_hover&quot;:false,&quot;swipe&quot;:true,&quot;nav_always_show_mobile&quot;:&quot;&quot;,&quot;breakpoint&quot;:&quot;780px&quot;}\">\t\t<li class=\"sow-slider-image  sow-slider-image-cover\" style=\"background-image: url(https:\/\/reich-der-bilder.de\/wp-content\/uploads\/2021\/02\/P3290143-e1424652416551.jpg)\" >\n\t\t\t\t\t\t<div class=\"sow-slider-image-container\">\n\t\t\t\t<div class=\"sow-slider-image-wrapper\" style=\"max-width: 1170px\">\n\t\t\t\t\t\t\t\t\t\t<img width=\"1170\" height=\"400\" src=\"https:\/\/reich-der-bilder.de\/wp-content\/uploads\/2021\/02\/P3290143-e1424652416551.jpg\" class=\"sow-slider-foreground-image\" alt=\"\" loading=\"eager\" srcset=\"https:\/\/reich-der-bilder.de\/wp-content\/uploads\/2021\/02\/P3290143-e1424652416551.jpg 1170w, https:\/\/reich-der-bilder.de\/wp-content\/uploads\/2021\/02\/P3290143-e1424652416551-150x51.jpg 150w, https:\/\/reich-der-bilder.de\/wp-content\/uploads\/2021\/02\/P3290143-e1424652416551-768x263.jpg 768w\" sizes=\"(max-width: 1170px) 100vw, 1170px\" \/>\t\t\t\t\t\t\t\t\t<\/div>\n\t\t\t<\/div>\n\t\t\t\t\t<\/li>\n\t\t\t\t<li class=\"sow-slider-image  sow-slider-image-cover\" style=\"background-image: url(https:\/\/reich-der-bilder.de\/wp-content\/uploads\/2021\/02\/P3311016-delf.jpg)\" >\n\t\t\t\t\t\t\t\t\t<img width=\"1170\" height=\"400\" src=\"https:\/\/reich-der-bilder.de\/wp-content\/uploads\/2021\/02\/P3311016-delf.jpg\" class=\"sow-slider-background-image\" alt=\"\" loading=\"eager\" srcset=\"https:\/\/reich-der-bilder.de\/wp-content\/uploads\/2021\/02\/P3311016-delf.jpg 1170w, https:\/\/reich-der-bilder.de\/wp-content\/uploads\/2021\/02\/P3311016-delf-150x51.jpg 150w, https:\/\/reich-der-bilder.de\/wp-content\/uploads\/2021\/02\/P3311016-delf-768x263.jpg 768w\" sizes=\"(max-width: 1170px) 100vw, 1170px\" \/>\t\t\t\t\t\t\t\t<\/li>\n\t\t\t\t<li class=\"sow-slider-image  sow-slider-image-cover\" style=\"background-image: url(https:\/\/reich-der-bilder.de\/wp-content\/uploads\/2021\/02\/SG103170breit2.jpg)\" >\n\t\t\t\t\t\t\t\t\t<img width=\"1170\" height=\"400\" src=\"https:\/\/reich-der-bilder.de\/wp-content\/uploads\/2021\/02\/SG103170breit2.jpg\" class=\"sow-slider-background-image\" alt=\"\" loading=\"eager\" srcset=\"https:\/\/reich-der-bilder.de\/wp-content\/uploads\/2021\/02\/SG103170breit2.jpg 1170w, https:\/\/reich-der-bilder.de\/wp-content\/uploads\/2021\/02\/SG103170breit2-150x51.jpg 150w, https:\/\/reich-der-bilder.de\/wp-content\/uploads\/2021\/02\/SG103170breit2-768x263.jpg 768w\" sizes=\"(max-width: 1170px) 100vw, 1170px\" \/>\t\t\t\t\t\t\t\t<\/li>\n\t\t<\/ul>\t\t\t\t<ol class=\"sow-slider-pagination\">\n\t\t\t\t\t\t\t\t\t\t\t<li><a href=\"#\" data-goto=\"0\" aria-label=\"display slide 1\"><\/a><\/li>\n\t\t\t\t\t\t\t\t\t\t\t<li><a href=\"#\" data-goto=\"1\" aria-label=\"display slide 2\"><\/a><\/li>\n\t\t\t\t\t\t\t\t\t\t\t<li><a href=\"#\" data-goto=\"2\" aria-label=\"display slide 3\"><\/a><\/li>\n\t\t\t\t\t\t\t\t\t<\/ol>\n\n\t\t\t\t<div class=\"sow-slide-nav sow-slide-nav-next\">\n\t\t\t\t\t<a href=\"#\" data-goto=\"next\" aria-label=\"next slide\" data-action=\"next\">\n\t\t\t\t\t\t<em class=\"sow-sld-icon-ultra-thin-rounded-right\"><\/em>\n\t\t\t\t\t<\/a>\n\t\t\t\t<\/div>\n\n\t\t\t\t<div class=\"sow-slide-nav sow-slide-nav-prev\">\n\t\t\t\t\t<a href=\"#\" data-goto=\"previous\" aria-label=\"previous slide\" data-action=\"prev\">\n\t\t\t\t\t\t<em class=\"sow-sld-icon-ultra-thin-rounded-left\"><\/em>\n\t\t\t\t\t<\/a>\n\t\t\t\t<\/div>\n\t\t\t\t<\/div><\/div><\/div><\/div><\/div><\/div><\/div><div id=\"pg-46-1\"  class=\"panel-grid panel-no-style\" ><div id=\"pgc-46-1-0\"  class=\"panel-grid-cell\" ><div id=\"panel-46-1-0-0\" class=\"so-panel widget widget_sow-editor panel-first-child panel-last-child\" data-index=\"1\" ><div class=\"so-widget-sow-editor so-widget-sow-editor-base\">\n<div class=\"siteorigin-widget-tinymce textwidget\">\n\t<h5 style=\"padding-left: 30px;\"><strong><span style=\"text-decoration: underline;\">Stationen:<\/span><\/strong><\/h5>\n<p style=\"padding-left: 60px;\">seit\u00a02008 Freier Filmproduzent<\/p>\n<p style=\"padding-left: 60px;\">seit 2007 Freier Kameramann unter anderem f\u00fcr Terra X, Kopfball, Planet Wissen, W wie Wissen, Quarks &amp;\u00a0Co, Galileo,\u00a0Welt der Wunder,\u00a0Science Media<\/p>\n<p style=\"padding-left: 60px;\">2007 UW-Kamera\u00a0<a href=\"http:\/\/www.thelastgiants.com\" target=\"_blank\">\"The last giants - wenn das Meer stirbt\" \/ Stella Maris Film<\/a><\/p>\n<p style=\"padding-left: 60px;\">2006-2007 Referent f\u00fcr Naturwissenschaften am FWU Institut f\u00fcr Film und Bild in Wissenschaft und Unterricht<\/p>\n<p style=\"padding-left: 60px;\">2006\u00a0Produktion f\u00fcr USM\/Kosmos-Verlag: DVD-ROM\u00a0<a href=\"https:\/\/reich-der-bilder.de\/?page_id=164\" target=\"_blank\">\"Korallenriffe - die Unterwasserwelt und ihre Bewohner entdecken\"<\/a><\/p>\n<p style=\"padding-left: 60px;\">2004 erste gr\u00f6\u00dfere\u00a0Eigenproduktion: CD-ROM \"Korallenriffe - ein Lebensraum und seine Bewohner\"<\/p>\n<p style=\"padding-left: 60px;\">bis 2003 Unterwasser-Fotograf\u00a0und Webdesigner, freiberufliche Mitarbeit im Bereich Fernsehproduktion\u00a0und Pressearbeit<\/p>\n<p style=\"padding-left: 60px;\">bis 2001 Online-Redakteur Wissensredaktion der\u00a0Junior-Web GmbH und BCC Broadcast Company<\/p>\n<p style=\"padding-left: 60px;\">bis 1998 Biologe und Tauchlehrer in Australien auf der<a href=\"https:\/\/underwater.com.au\/listing.php\/id\/13\" target=\"_blank\"> \"Undersea Explorer\"<\/a><\/p>\n<p style=\"padding-left: 60px;\">1997 Abschluss Biologie-Studium; Pr\u00fcfungsf\u00e4cher Zoologie, Wissenschaftlicher Naturschutz, \u00d6kologie und Geografie; Diplomarbeit \u00fcber indonesische Meeresschnecken<\/p>\n<h5 style=\"padding-left: 30px;\">\u00a0<\/h5>\n<p>\u00a0<\/p>\n<\/div>\n<\/div><\/div><\/div><\/div><\/div>","protected":false},"excerpt":{"rendered":"<p>Stationen:seit\u00a02008 Freier Filmproduzentseit 2007 Freier Kameramann unter anderem f\u00fcr Terra X, Kopfball, Planet Wissen, W wie Wissen, Quarks &amp;\u00a0Co, Galileo,\u00a0Welt der Wunder,\u00a0Science Media2007 UW-Kamera\u00a0&#8222;The last giants &#8211; wenn das Meer stirbt&#8220; \/ Stella Maris Film2006-2007 Referent f\u00fcr Naturwissenschaften am FWU &hellip; <a href=\"https:\/\/reich-der-bilder.de\/?page_id=46\">Weiterlesen<\/a><\/p>\n","protected":false},"author":1,"featured_media":0,"parent":0,"menu_order":0,"comment_status":"open","ping_status":"open","template":"page-fullwidth.php","meta":[],"_links":{"self":[{"href":"https:\/\/reich-der-bilder.de\/index.php?rest_route=\/wp\/v2\/pages\/46"}],"collection":[{"href":"https:\/\/reich-der-bilder.de\/index.php?rest_route=\/wp\/v2\/pages"}],"about":[{"href":"https:\/\/reich-der-bilder.de\/index.php?rest_route=\/wp\/v2\/types\/page"}],"author":[{"embeddable":true,"href":"https:\/\/reich-der-bilder.de\/index.php?rest_route=\/wp\/v2\/users\/1"}],"replies":[{"embeddable":true,"href":"https:\/\/reich-der-bilder.de\/index.php?rest_route=%2Fwp%2Fv2%2Fcomments&post=46"}],"version-history":[{"count":30,"href":"https:\/\/reich-der-bilder.de\/index.php?rest_route=\/wp\/v2\/pages\/46\/revisions"}],"predecessor-version":[{"id":910,"href":"https:\/\/reich-der-bilder.de\/index.php?rest_route=\/wp\/v2\/pages\/46\/revisions\/910"}],"wp:attachment":[{"href":"https:\/\/reich-der-bilder.de\/index.php?rest_route=%2Fwp%2Fv2%2Fmedia&parent=46"}],"curies":[{"name":"wp","href":"https:\/\/api.w.org\/{rel}","templated":true}]}}